{"id":10317,"date":"2024-09-24T10:41:34","date_gmt":"2024-09-24T08:41:34","guid":{"rendered":"https:\/\/purnatura.es\/?post_type=product&#038;p=10317"},"modified":"2025-09-24T19:45:21","modified_gmt":"2025-09-24T17:45:21","slug":"nourishing-ritual-for-your-hair-2","status":"publish","type":"product","link":"https:\/\/purnatura.es\/eng\/nourishing-ritual-for-your-hair-2\/","title":{"rendered":"Eco-friendly Travel Pack: 2 in 1 Solid Gel Shampoo + Solid Conditioner"},"content":{"rendered":"<div data-elementor-type=\"product-post\" data-elementor-id=\"10317\" class=\"elementor elementor-10317\" data-elementor-post-type=\"product\">\n\t\t\t\t<div class=\"wd-negative-gap elementor-element elementor-element-7a296c2f e-flex e-con-boxed e-con e-parent\" data-id=\"7a296c2f\" data-element_type=\"container\" data-e-type=\"container\">\n\t\t\t\t\t<div class=\"e-con-inner\">\n\t\t\t\t<div class=\"elementor-element elementor-element-2e68e01d color-scheme-inherit text-left elementor-widget elementor-widget-text-editor\" data-id=\"2e68e01d\" data-element_type=\"widget\" data-e-type=\"widget\" data-widget_type=\"text-editor.default\">\n\t\t\t\t<div class=\"elementor-widget-container\">\n\t\t\t\t\t\t\t\t\t<p>Simplifica tu rutina con nuestro kit 2 en 1: Champ\u00fa Gel S\u00f3lido para cabello y piel, ideal para limpiar y cuidar en un solo paso, junto con el Acondicionador S\u00f3lido de Coco que hidrata y nutre el cabello, devolvi\u00e9ndole brillo y suavidad. Productos veganos y sostenibles, perfectos para llevar a cualquier parte y cuidar de ti y del planeta al mismo tiempo.<\/p>\t\t\t\t\t\t\t\t<\/div>\n\t\t\t\t<\/div>\n\t\t\t\t\t<\/div>\n\t\t\t\t<\/div>\n\t\t<div class=\"wd-negative-gap elementor-element elementor-element-cb1f9dd e-flex e-con-boxed e-con e-parent\" data-id=\"cb1f9dd\" data-element_type=\"container\" data-e-type=\"container\">\n\t\t\t\t\t<div class=\"e-con-inner\">\n\t\t\t\t<div class=\"elementor-element elementor-element-c66540a elementor-widget elementor-widget-heading\" data-id=\"c66540a\" data-element_type=\"widget\" data-e-type=\"widget\" data-widget_type=\"heading.default\">\n\t\t\t\t<div class=\"elementor-widget-container\">\n\t\t\t\t\t<h2 class=\"elementor-heading-title elementor-size-default\">WHAT WILL YOU FIND IN THE KIT?<\/h2>\t\t\t\t<\/div>\n\t\t\t\t<\/div>\n\t\t\t\t<div class=\"elementor-element elementor-element-c6014b2 elementor-widget__width-initial elementor-widget elementor-widget-eael-woo-product-list\" data-id=\"c6014b2\" data-element_type=\"widget\" data-e-type=\"widget\" data-widget_type=\"eael-woo-product-list.default\">\n\t\t\t\t<div class=\"elementor-widget-container\">\n\t\t\t\t\t\n        <div class=\"eael-product-list-wrapper preset-2\">\n            <div class=\"eael-product-list-body woocommerce\">\n                <div class=\"eael-product-list-container\">\n                    <div class=\"eael-post-appender\">\n                        <div class=\"product post-9140 type-product status-publish has-post-thumbnail product_cat-acondicionador-solido pa_marca-purnatura first outofstock shipping-taxable purchasable product-type-variable has-default-attributes\">\n    <div class=\"eael-product-list-item\">\n                                    \n        \n        <div class=\"eael-product-list-image-wrap\">\n            \n            \n                <img fetchpriority=\"high\" decoding=\"async\" width=\"300\" height=\"300\" src=\"https:\/\/purnatura.es\/wp-content\/uploads\/2024\/08\/acondicionador-hidratante-con-aceite-de-coco-300x300.jpg\" class=\"attachment-medium size-medium\" alt=\"Purnatura Vegan Coconut Conditioner Bar for Dry and Dehydrated Hair | Natural Hydration, Free from Sulphates and Silicones \u2013 50g\" loading=\"eager\" title=\"\">            \n            \n                        <ul class=\"eael-product-list-buttons-on-hover\">\n                \n                                <li class=\"eael-product-list-quick-view-button eael-m-0\">\n                    <a id=\"eael_quick_view_69f9c022b42c5\" data-quickview-setting=\"{&quot;widget_id&quot;:&quot;c6014b2&quot;,&quot;product_id&quot;:9140,&quot;page_id&quot;:10317}\" class=\"open-popup-link\"><i class=\"fas fa-eye\"><\/i><\/a>\n                <\/li>\n                \n                                <li class=\"eael-product-list-link-button eael-m-0\">\n                    <a href=\"https:\/\/purnatura.es\/eng\/vegan-solid-conditioner-for-dull-and-dry-hair\/\"><i class=\"fas fa-link\"><\/i><\/a>\n                <\/li>\n                            <\/ul>\n                    <\/div>\n\n        <div class=\"eael-product-list-content-wrap\">\n                        <p class=\"eael-product-list-title\">\n                                <a href=\"https:\/\/purnatura.es\/eng\/vegan-solid-conditioner-for-dull-and-dry-hair\/\" class=\"woocommerce-LoopProduct-link woocommerce-loop-product__link\" target=\"_blank\">\n                    Purnatura Vegan Coconut Conditioner Bar for Dry and Dehydrated Hair | Natural Hydration, Free from Sulphates and Silicones \u2013 50g                <\/a>\n                            <\/p>\n        \n            <div class=\"eael-product-list-content-header\" >\n                                <div class=\"eael-product-list-rating\">\n                    <div class=\"star-rating\" role=\"img\" aria-label=\"Rated 5.00 out of 5\" data-no-translation-aria-label=\"\"><span style=\"width:100%\" data-no-translation=\"\" data-trp-gettext=\"\">Rated <strong class=\"rating\">5.00<\/strong> out of 5 based on <span class=\"rating\">1<\/span> customer rating<\/span><\/div>                    \n                                            <a href=\"https:\/\/purnatura.es\/eng\/vegan-solid-conditioner-for-dull-and-dry-hair\/#reviews\" class=\"woocommerce-review-link eael-product-list-review-count\" rel=\"nofollow\">(1)<\/a>\n                                    <\/div>\n                                \n                <div class=\"eael-product-list-notice eael-product-list-notice-category\">\n                     \n                    <p>\n                        <i class=\"fas fa-box\"><\/i>\n                        Conditioner Bar                    <\/p>\n                                    <\/div>\n            <\/div>\n            <div class=\"eael-product-list-content-body\">\n                \n                                <div class=\"eael-product-list-excerpt\">\n                    Give your dry, dull hair the care it deserves with our Vegan Coconut Solid Conditioner. Enjoy intense hydration, dazzling shine and soft hair...                <\/div>\n                \n                            <\/div>\n            <div class=\"eael-product-list-content-footer\">\n                \n                                <div class=\"eael-product-list-buttons\">\n                    \n                                        <p class=\"eael-product-list-quick-view-button eael-m-0\">\n                        <a id=\"eael_quick_view_69f9c022b4b64\" data-quickview-setting=\"{&quot;widget_id&quot;:&quot;c6014b2&quot;,&quot;product_id&quot;:9140,&quot;page_id&quot;:10317}\" class=\"open-popup-link\">\n                            Ver producto                        <\/a>\n                    <\/p>\n                                    <\/div>\n                            <\/div>\n        <\/div>\n    <\/div>\n<\/div><div class=\"product post-9125 type-product status-publish has-post-thumbnail product_cat-shampoo-bar product_cat-jabones-artesanales product_cat-jabones-corporales product_tag-2en1 pa_marca-purnatura  outofstock shipping-taxable purchasable product-type-simple\">\n    <div class=\"eael-product-list-item\">\n                                    \n        \n        <div class=\"eael-product-list-image-wrap\">\n            \n            \n                <img decoding=\"async\" width=\"300\" height=\"300\" src=\"https:\/\/purnatura.es\/wp-content\/uploads\/2024\/08\/champu-gel-solido-2-en-1-para-todo-tipo-de-piel-300x300.jpg\" class=\"attachment-medium size-medium\" alt=\"2 in 1 Solid Shampoo and Gel \ud83e\uddfc | Practical and Sustainable \ud83c\udf3f | For All Hair and Skin Types | 65 g Bar\" loading=\"eager\" title=\"\">            \n            \n                        <ul class=\"eael-product-list-buttons-on-hover\">\n                \n                                <li class=\"eael-product-list-quick-view-button eael-m-0\">\n                    <a id=\"eael_quick_view_69f9c022b6976\" data-quickview-setting=\"{&quot;widget_id&quot;:&quot;c6014b2&quot;,&quot;product_id&quot;:9125,&quot;page_id&quot;:10317}\" class=\"open-popup-link\"><i class=\"fas fa-eye\"><\/i><\/a>\n                <\/li>\n                \n                                <li class=\"eael-product-list-link-button eael-m-0\">\n                    <a href=\"https:\/\/purnatura.es\/eng\/2-in-1-solid-gel-shampoo\/\"><i class=\"fas fa-link\"><\/i><\/a>\n                <\/li>\n                            <\/ul>\n                    <\/div>\n\n        <div class=\"eael-product-list-content-wrap\">\n                        <p class=\"eael-product-list-title\">\n                                <a href=\"https:\/\/purnatura.es\/eng\/2-in-1-solid-gel-shampoo\/\" class=\"woocommerce-LoopProduct-link woocommerce-loop-product__link\" target=\"_blank\">\n                    2 in 1 Solid Shampoo and Gel \ud83e\uddfc | Practical and Sustainable \ud83c\udf3f | For All Hair and Skin Types | 65 g Bar                <\/a>\n                            <\/p>\n        \n            <div class=\"eael-product-list-content-header\" >\n                                <div class=\"eael-product-list-rating\">\n                    <div class=\"star-rating\" role=\"img\" aria-label=\"Rated 4.67 out of 5\" data-no-translation-aria-label=\"\"><span style=\"width:93.4%\" data-no-translation=\"\" data-trp-gettext=\"\">Rated <strong class=\"rating\">4.67<\/strong> out of 5 based on <span class=\"rating\">3<\/span> customer ratings<\/span><\/div>                    \n                                            <a href=\"https:\/\/purnatura.es\/eng\/2-in-1-solid-gel-shampoo\/#reviews\" class=\"woocommerce-review-link eael-product-list-review-count\" rel=\"nofollow\">(3)<\/a>\n                                    <\/div>\n                                \n                <div class=\"eael-product-list-notice eael-product-list-notice-category\">\n                     \n                    <p>\n                        <i class=\"fas fa-box\"><\/i>\n                        Shampoo Bar                    <\/p>\n                                    <\/div>\n            <\/div>\n            <div class=\"eael-product-list-content-body\">\n                \n                                <div class=\"eael-product-list-excerpt\">\n                    \ud83d\udebf Un solo producto para todo: cabello y cuerpo en un solo paso.\ud83c\udf3f Limpieza profunda y sin t\u00f3xicos: sin sulfatos, sin pl\u00e1sticos, sin preocupaciones.\ud83d\udc9a Hidrataci\u00f3n y frescura con Aloe Vera...                <\/div>\n                \n                            <\/div>\n            <div class=\"eael-product-list-content-footer\">\n                \n                                <div class=\"eael-product-list-buttons\">\n                    \n                                        <p class=\"eael-product-list-quick-view-button eael-m-0\">\n                        <a id=\"eael_quick_view_69f9c022b711c\" data-quickview-setting=\"{&quot;widget_id&quot;:&quot;c6014b2&quot;,&quot;product_id&quot;:9125,&quot;page_id&quot;:10317}\" class=\"open-popup-link\">\n                            Ver producto                        <\/a>\n                    <\/p>\n                                    <\/div>\n                            <\/div>\n        <\/div>\n    <\/div>\n<\/div>                    <\/div>\n\n                    \n                <\/div>\n            <\/div>\n        <\/div>\n\n\t\t\t\t\t\t<\/div>\n\t\t\t\t<\/div>\n\t\t\t\t\t<\/div>\n\t\t\t\t<\/div>\n\t\t<div class=\"wd-negative-gap elementor-element elementor-element-6837dbb e-flex e-con-boxed e-con e-parent\" data-id=\"6837dbb\" data-element_type=\"container\" data-e-type=\"container\">\n\t\t\t\t\t<div class=\"e-con-inner\">\n\t\t\t\t<div class=\"elementor-element elementor-element-ff7f639 elementor-widget elementor-widget-heading\" data-id=\"ff7f639\" data-element_type=\"widget\" data-e-type=\"widget\" data-widget_type=\"heading.default\">\n\t\t\t\t<div class=\"elementor-widget-container\">\n\t\t\t\t\t<h3 class=\"elementor-heading-title elementor-size-default\">With this kit, you will achieve shiny hair in a more sustainable way. Switch to Purnatura solid cosmetics and do your bit: reduce the use of plastic and help take care of the planet. The formulas of our solid products have been carefully developed to offer you delicate hair care of exceptional quality.<\/h3>\t\t\t\t<\/div>\n\t\t\t\t<\/div>\n\t\t<div class=\"elementor-element elementor-element-aef4381 e-con-full e-flex e-con e-child\" data-id=\"aef4381\" data-element_type=\"container\" data-e-type=\"container\">\n\t\t<div class=\"elementor-element elementor-element-006cc4a e-con-full e-flex e-con e-child\" data-id=\"006cc4a\" data-element_type=\"container\" data-e-type=\"container\">\n\t\t\t\t<div class=\"elementor-element elementor-element-3f09631 elementor-widget elementor-widget-heading\" data-id=\"3f09631\" data-element_type=\"widget\" data-e-type=\"widget\" data-widget_type=\"heading.default\">\n\t\t\t\t<div class=\"elementor-widget-container\">\n\t\t\t\t\t<h2 class=\"elementor-heading-title elementor-size-default\">7 Benefits of Solid Cosmetics<\/h2>\t\t\t\t<\/div>\n\t\t\t\t<\/div>\n\t\t\t\t<div class=\"elementor-element elementor-element-d1fa32e elementor-widget elementor-widget-wd_list\" data-id=\"d1fa32e\" data-element_type=\"widget\" data-e-type=\"widget\" data-widget_type=\"wd_list.default\">\n\t\t\t\t<div class=\"elementor-widget-container\">\n\t\t\t\t\t\t\t<ul class=\"wd-list color-scheme- wd-fontsize-xs wd-type-icon wd-style-default text-left\">\n\t\t\t\t\t\t\t\t\t\t\t<li class=\"elementor-repeater-item-a9c3c39\">\n\t\t\t\t\t\t\t\t\t\t\t<span class=\"wd-icon\"><svg class=\"e-font-icon-svg e-fas-star\" viewbox=\"0 0 576 512\" xmlns=\"http:\/\/www.w3.org\/2000\/svg\"><path d=\"M259.3 17.8L194 150.2 47.9 171.5c-26.2 3.8-36.7 36.1-17.7 54.6l105.7 103-25 145.5c-4.5 26.3 23.2 46 46.4 33.7L288 439.6l130.7 68.7c23.2 12.2 50.9-7.4 46.4-33.7l-25-145.5 105.7-103c19-18.5 8.5-50.8-17.7-54.6L382 150.2 316.7 17.8c-11.7-23.6-45.6-23.9-57.4 0z\"><\/path><\/svg><\/span>\t\t\t\t\t\n\t\t\t\t\t<span class=\"wd-list-content list-content\">\n\t\t\t\t\t\t\t\t\t\t\t\t\tIt is the beauty trend that is marking the moment.\t\t\t\t\t\t\t\t\t\t\t<\/span>\n\t\t\t\t<\/li>\n\t\t\t\t\t\t\t\t\t\t\t<li class=\"elementor-repeater-item-56c62c7\">\n\t\t\t\t\t\t\t\t\t\t\t<span class=\"wd-icon\"><svg class=\"e-font-icon-svg e-fas-star\" viewbox=\"0 0 576 512\" xmlns=\"http:\/\/www.w3.org\/2000\/svg\"><path d=\"M259.3 17.8L194 150.2 47.9 171.5c-26.2 3.8-36.7 36.1-17.7 54.6l105.7 103-25 145.5c-4.5 26.3 23.2 46 46.4 33.7L288 439.6l130.7 68.7c23.2 12.2 50.9-7.4 46.4-33.7l-25-145.5 105.7-103c19-18.5 8.5-50.8-17.7-54.6L382 150.2 316.7 17.8c-11.7-23.6-45.6-23.9-57.4 0z\"><\/path><\/svg><\/span>\t\t\t\t\t\n\t\t\t\t\t<span class=\"wd-list-content list-content\">\n\t\t\t\t\t\t\t\t\t\t\t\t\tLasts longer than traditional products.\t\t\t\t\t\t\t\t\t\t\t<\/span>\n\t\t\t\t<\/li>\n\t\t\t\t\t\t\t\t\t\t\t<li class=\"elementor-repeater-item-0320d05\">\n\t\t\t\t\t\t\t\t\t\t\t<span class=\"wd-icon\"><svg class=\"e-font-icon-svg e-fas-star\" viewbox=\"0 0 576 512\" xmlns=\"http:\/\/www.w3.org\/2000\/svg\"><path d=\"M259.3 17.8L194 150.2 47.9 171.5c-26.2 3.8-36.7 36.1-17.7 54.6l105.7 103-25 145.5c-4.5 26.3 23.2 46 46.4 33.7L288 439.6l130.7 68.7c23.2 12.2 50.9-7.4 46.4-33.7l-25-145.5 105.7-103c19-18.5 8.5-50.8-17.7-54.6L382 150.2 316.7 17.8c-11.7-23.6-45.6-23.9-57.4 0z\"><\/path><\/svg><\/span>\t\t\t\t\t\n\t\t\t\t\t<span class=\"wd-list-content list-content\">\n\t\t\t\t\t\t\t\t\t\t\t\t\tMore concentrated formulas, with less water.\t\t\t\t\t\t\t\t\t\t\t<\/span>\n\t\t\t\t<\/li>\n\t\t\t\t\t\t\t\t\t\t\t<li class=\"elementor-repeater-item-3798b56\">\n\t\t\t\t\t\t\t\t\t\t\t<span class=\"wd-icon\"><svg class=\"e-font-icon-svg e-fas-star\" viewbox=\"0 0 576 512\" xmlns=\"http:\/\/www.w3.org\/2000\/svg\"><path d=\"M259.3 17.8L194 150.2 47.9 171.5c-26.2 3.8-36.7 36.1-17.7 54.6l105.7 103-25 145.5c-4.5 26.3 23.2 46 46.4 33.7L288 439.6l130.7 68.7c23.2 12.2 50.9-7.4 46.4-33.7l-25-145.5 105.7-103c19-18.5 8.5-50.8-17.7-54.6L382 150.2 316.7 17.8c-11.7-23.6-45.6-23.9-57.4 0z\"><\/path><\/svg><\/span>\t\t\t\t\t\n\t\t\t\t\t<span class=\"wd-list-content list-content\">\n\t\t\t\t\t\t\t\t\t\t\t\t\tTake care of your skin with more respectful ingredients.\t\t\t\t\t\t\t\t\t\t\t<\/span>\n\t\t\t\t<\/li>\n\t\t\t\t\t\t\t\t\t\t\t<li class=\"elementor-repeater-item-3a6951e\">\n\t\t\t\t\t\t\t\t\t\t\t<span class=\"wd-icon\"><svg class=\"e-font-icon-svg e-fas-star\" viewbox=\"0 0 576 512\" xmlns=\"http:\/\/www.w3.org\/2000\/svg\"><path d=\"M259.3 17.8L194 150.2 47.9 171.5c-26.2 3.8-36.7 36.1-17.7 54.6l105.7 103-25 145.5c-4.5 26.3 23.2 46 46.4 33.7L288 439.6l130.7 68.7c23.2 12.2 50.9-7.4 46.4-33.7l-25-145.5 105.7-103c19-18.5 8.5-50.8-17.7-54.6L382 150.2 316.7 17.8c-11.7-23.6-45.6-23.9-57.4 0z\"><\/path><\/svg><\/span>\t\t\t\t\t\n\t\t\t\t\t<span class=\"wd-list-content list-content\">\n\t\t\t\t\t\t\t\t\t\t\t\t\tSay goodbye to the use of plastics.\t\t\t\t\t\t\t\t\t\t\t<\/span>\n\t\t\t\t<\/li>\n\t\t\t\t\t\t\t\t\t\t\t<li class=\"elementor-repeater-item-23ba404\">\n\t\t\t\t\t\t\t\t\t\t\t<span class=\"wd-icon\"><svg class=\"e-font-icon-svg e-fas-star\" viewbox=\"0 0 576 512\" xmlns=\"http:\/\/www.w3.org\/2000\/svg\"><path d=\"M259.3 17.8L194 150.2 47.9 171.5c-26.2 3.8-36.7 36.1-17.7 54.6l105.7 103-25 145.5c-4.5 26.3 23.2 46 46.4 33.7L288 439.6l130.7 68.7c23.2 12.2 50.9-7.4 46.4-33.7l-25-145.5 105.7-103c19-18.5 8.5-50.8-17.7-54.6L382 150.2 316.7 17.8c-11.7-23.6-45.6-23.9-57.4 0z\"><\/path><\/svg><\/span>\t\t\t\t\t\n\t\t\t\t\t<span class=\"wd-list-content list-content\">\n\t\t\t\t\t\t\t\t\t\t\t\t\tBiodegradable composition, environmentally friendly.\t\t\t\t\t\t\t\t\t\t\t<\/span>\n\t\t\t\t<\/li>\n\t\t\t\t\t\t\t\t\t\t\t<li class=\"elementor-repeater-item-ca0413a\">\n\t\t\t\t\t\t\t\t\t\t\t<span class=\"wd-icon\"><svg class=\"e-font-icon-svg e-fas-star\" viewbox=\"0 0 576 512\" xmlns=\"http:\/\/www.w3.org\/2000\/svg\"><path d=\"M259.3 17.8L194 150.2 47.9 171.5c-26.2 3.8-36.7 36.1-17.7 54.6l105.7 103-25 145.5c-4.5 26.3 23.2 46 46.4 33.7L288 439.6l130.7 68.7c23.2 12.2 50.9-7.4 46.4-33.7l-25-145.5 105.7-103c19-18.5 8.5-50.8-17.7-54.6L382 150.2 316.7 17.8c-11.7-23.6-45.6-23.9-57.4 0z\"><\/path><\/svg><\/span>\t\t\t\t\t\n\t\t\t\t\t<span class=\"wd-list-content list-content\">\n\t\t\t\t\t\t\t\t\t\t\t\t\tTake it on your travels without worrying about liquid restrictions.\t\t\t\t\t\t\t\t\t\t\t<\/span>\n\t\t\t\t<\/li>\n\t\t\t\t\t<\/ul>\n\n\t\t\t\t\t\t<\/div>\n\t\t\t\t<\/div>\n\t\t\t\t<\/div>\n\t\t<div class=\"elementor-element elementor-element-2b8e890 e-con-full e-flex e-con e-child\" data-id=\"2b8e890\" data-element_type=\"container\" data-e-type=\"container\">\n\t\t\t\t<div class=\"elementor-element elementor-element-2fd6b0d elementor-widget elementor-widget-video\" data-id=\"2fd6b0d\" data-element_type=\"widget\" data-e-type=\"widget\" data-settings=\"{&quot;youtube_url&quot;:&quot;https:\\\/\\\/youtu.be\\\/j4eeDJ837hQ&quot;,&quot;autoplay&quot;:&quot;yes&quot;,&quot;video_type&quot;:&quot;youtube&quot;,&quot;controls&quot;:&quot;yes&quot;}\" data-widget_type=\"video.default\">\n\t\t\t\t<div class=\"elementor-widget-container\">\n\t\t\t\t\t\t\t<div class=\"elementor-wrapper elementor-open-inline\">\n\t\t\t<div class=\"elementor-video\"><\/div>\t\t<\/div>\n\t\t\t\t\t\t<\/div>\n\t\t\t\t<\/div>\n\t\t\t\t<\/div>\n\t\t\t\t<\/div>\n\t\t\t\t\t<\/div>\n\t\t\t\t<\/div>\n\t\t<div class=\"wd-negative-gap elementor-element elementor-element-156c850 e-flex e-con-boxed e-con e-parent\" data-id=\"156c850\" data-element_type=\"container\" data-e-type=\"container\">\n\t\t\t\t\t<div class=\"e-con-inner\">\n\t\t\t\t<div class=\"elementor-element elementor-element-b0d0b17 elementor-widget elementor-widget-heading\" data-id=\"b0d0b17\" data-element_type=\"widget\" data-e-type=\"widget\" data-widget_type=\"heading.default\">\n\t\t\t\t<div class=\"elementor-widget-container\">\n\t\t\t\t\t<h2 class=\"elementor-heading-title elementor-size-default\">How to use<\/h2>\t\t\t\t<\/div>\n\t\t\t\t<\/div>\n\t\t\t\t<div class=\"elementor-element elementor-element-cf33276 color-scheme-inherit text-left elementor-widget elementor-widget-text-editor\" data-id=\"cf33276\" data-element_type=\"widget\" data-e-type=\"widget\" data-widget_type=\"text-editor.default\">\n\t\t\t\t<div class=\"elementor-widget-container\">\n\t\t\t\t\t\t\t\t\t<p>Wet your hair and the solid shampoo bar, rub between your hands until foaming or apply directly to the scalp. Massage gently and rinse with plenty of water. For best results, complement with coconut conditioner.<\/p><p>Restore strength and vitality to your hair with our nourishing ritual that strengthens, moisturizes and revitalizes your hair with every wash. Enjoy a natural solution that takes care of both your hair and the environment.<\/p>\t\t\t\t\t\t\t\t<\/div>\n\t\t\t\t<\/div>\n\t\t\t\t\t<\/div>\n\t\t\t\t<\/div>\n\t\t\t\t<\/div>","protected":false},"excerpt":{"rendered":"<p>This kit includes a 2-in-1 solid gel shampoo for hair and skin, and a solid coconut conditioner. Cleansing and nourishment in a practical, sustainable and vegan format, ideal for travel.<\/p>","protected":false},"featured_media":11236,"comment_status":"open","ping_status":"closed","template":"","meta":[],"product_brand":[],"product_cat":[243,245,244],"product_tag":[],"class_list":{"0":"post-10317","1":"product","2":"type-product","3":"status-publish","4":"has-post-thumbnail","6":"product_cat-kits-sostenibles","7":"product_cat-kits-de-cuidado-capilar-natural","8":"product_cat-kits-de-cuidado-corporal-natural","9":"pa_marca-purnatura","11":"","12":"outofstock","13":"shipping-taxable","14":"purchasable","15":"product-type-simple"},"_links":{"self":[{"href":"https:\/\/purnatura.es\/eng\/wp-json\/wp\/v2\/product\/10317","targetHints":{"allow":["GET"]}}],"collection":[{"href":"https:\/\/purnatura.es\/eng\/wp-json\/wp\/v2\/product"}],"about":[{"href":"https:\/\/purnatura.es\/eng\/wp-json\/wp\/v2\/types\/product"}],"replies":[{"embeddable":true,"href":"https:\/\/purnatura.es\/eng\/wp-json\/wp\/v2\/comments?post=10317"}],"version-history":[{"count":1,"href":"https:\/\/purnatura.es\/eng\/wp-json\/wp\/v2\/product\/10317\/revisions"}],"predecessor-version":[{"id":11639,"href":"https:\/\/purnatura.es\/eng\/wp-json\/wp\/v2\/product\/10317\/revisions\/11639"}],"wp:featuredmedia":[{"embeddable":true,"href":"https:\/\/purnatura.es\/eng\/wp-json\/wp\/v2\/media\/11236"}],"wp:attachment":[{"href":"https:\/\/purnatura.es\/eng\/wp-json\/wp\/v2\/media?parent=10317"}],"wp:term":[{"taxonomy":"product_brand","embeddable":true,"href":"https:\/\/purnatura.es\/eng\/wp-json\/wp\/v2\/product_brand?post=10317"},{"taxonomy":"product_cat","embeddable":true,"href":"https:\/\/purnatura.es\/eng\/wp-json\/wp\/v2\/product_cat?post=10317"},{"taxonomy":"product_tag","embeddable":true,"href":"https:\/\/purnatura.es\/eng\/wp-json\/wp\/v2\/product_tag?post=10317"}],"curies":[{"name":"wp","href":"https:\/\/api.w.org\/{rel}","templated":true}]}}