{"id":10323,"date":"2024-09-24T11:09:15","date_gmt":"2024-09-24T09:09:15","guid":{"rendered":"https:\/\/purnatura.es\/?post_type=product&#038;p=10323"},"modified":"2025-03-04T19:59:04","modified_gmt":"2025-03-04T18:59:04","slug":"nourishing-ritual-for-your-hair-3","status":"publish","type":"product","link":"https:\/\/purnatura.es\/eng\/nourishing-ritual-for-your-hair-3\/","title":{"rendered":"Family Soap Pack, Purity For All \u201cFacial Cleanser + 2 Natural Soaps\u201d"},"content":{"rendered":"<div data-elementor-type=\"product-post\" data-elementor-id=\"10323\" class=\"elementor elementor-10323\" data-elementor-post-type=\"product\">\n\t\t\t\t<div class=\"wd-negative-gap elementor-element elementor-element-7a296c2f e-flex e-con-boxed e-con e-parent\" data-id=\"7a296c2f\" data-element_type=\"container\" data-e-type=\"container\">\n\t\t\t\t\t<div class=\"e-con-inner\">\n\t\t\t\t<div class=\"elementor-element elementor-element-2e68e01d color-scheme-inherit text-left elementor-widget elementor-widget-text-editor\" data-id=\"2e68e01d\" data-element_type=\"widget\" data-e-type=\"widget\" data-widget_type=\"text-editor.default\">\n\t\t\t\t<div class=\"elementor-widget-container\">\n\t\t\t\t\t\t\t\t\t<p>Este kit incluye tres productos esenciales para el cuidado de toda la familia: Jab\u00f3n con Leche de Cabra, ideal para pieles sensibles, Jab\u00f3n con Leche de Burra y Aloe para una hidrataci\u00f3n profunda, y un Limpiador Facial S\u00f3lido de uso diario para mantener la piel fresca y limpia. F\u00f3rmulas naturales y suaves que cuidan y respetan la piel de manera sostenible.<\/p>\t\t\t\t\t\t\t\t<\/div>\n\t\t\t\t<\/div>\n\t\t\t\t\t<\/div>\n\t\t\t\t<\/div>\n\t\t<div class=\"wd-negative-gap elementor-element elementor-element-cb1f9dd e-flex e-con-boxed e-con e-parent\" data-id=\"cb1f9dd\" data-element_type=\"container\" data-e-type=\"container\">\n\t\t\t\t\t<div class=\"e-con-inner\">\n\t\t\t\t<div class=\"elementor-element elementor-element-c66540a elementor-widget elementor-widget-heading\" data-id=\"c66540a\" data-element_type=\"widget\" data-e-type=\"widget\" data-widget_type=\"heading.default\">\n\t\t\t\t<div class=\"elementor-widget-container\">\n\t\t\t\t\t<h2 class=\"elementor-heading-title elementor-size-default\">WHAT WILL YOU FIND IN THE KIT?<\/h2>\t\t\t\t<\/div>\n\t\t\t\t<\/div>\n\t\t\t\t<div class=\"elementor-element elementor-element-c6014b2 elementor-widget__width-initial elementor-widget elementor-widget-eael-woo-product-list\" data-id=\"c6014b2\" data-element_type=\"widget\" data-e-type=\"widget\" data-widget_type=\"eael-woo-product-list.default\">\n\t\t\t\t<div class=\"elementor-widget-container\">\n\t\t\t\t\t\n        <div class=\"eael-product-list-wrapper preset-2\">\n            <div class=\"eael-product-list-body woocommerce\">\n                <div class=\"eael-product-list-container\">\n                    <div class=\"eael-post-appender\">\n                        <div class=\"product post-9660 type-product status-publish has-post-thumbnail product_cat-jabones-artesanales product_cat-jabones-faciales pa_marca-purnatura first instock shipping-taxable purchasable product-type-variable has-default-attributes\">\n    <div class=\"eael-product-list-item\">\n                                    \n        \n        <div class=\"eael-product-list-image-wrap\">\n            \n            \n                <img fetchpriority=\"high\" decoding=\"async\" width=\"300\" height=\"300\" src=\"https:\/\/purnatura.es\/wp-content\/uploads\/2024\/08\/limpiador-facial-solido-con-aloe-vera-1-300x300.jpg\" class=\"attachment-medium size-medium\" alt=\"Purnatura Solid Facial Cleanser with Aloe Vera and Coconut Oil | Natural Hydration for All Skin Types | Ecological and Sustainable Facial Soap \u2013 60g\" loading=\"eager\" title=\"\">            \n            \n                        <ul class=\"eael-product-list-buttons-on-hover\">\n                \n                                <li class=\"eael-product-list-quick-view-button eael-m-0\">\n                    <a id=\"eael_quick_view_69ee125a74818\" data-quickview-setting=\"{&quot;widget_id&quot;:&quot;c6014b2&quot;,&quot;product_id&quot;:9660,&quot;page_id&quot;:10323}\" class=\"open-popup-link\"><i class=\"fas fa-eye\"><\/i><\/a>\n                <\/li>\n                \n                                <li class=\"eael-product-list-link-button eael-m-0\">\n                    <a href=\"https:\/\/purnatura.es\/eng\/solid-facial-cleanser-for-all-skin-types\/\"><i class=\"fas fa-link\"><\/i><\/a>\n                <\/li>\n                            <\/ul>\n                    <\/div>\n\n        <div class=\"eael-product-list-content-wrap\">\n                        <p class=\"eael-product-list-title\">\n                                <a href=\"https:\/\/purnatura.es\/eng\/solid-facial-cleanser-for-all-skin-types\/\" class=\"woocommerce-LoopProduct-link woocommerce-loop-product__link\" target=\"_blank\">\n                    Purnatura Solid Facial Cleanser with Aloe Vera and Coconut Oil | Natural Hydration for All Skin Types | Ecological and Sustainable Facial Soap \u2013 60g                <\/a>\n                            <\/p>\n        \n            <div class=\"eael-product-list-content-header\" >\n                                <div class=\"eael-product-list-rating\">\n                    <div class=\"eael-star-rating star-rating\"><span style=\"width:0%\" data-no-translation=\"\" data-trp-gettext=\"\">Rated <strong class=\"rating\">0<\/strong> out of 5<\/span><\/div>                    \n                                    <\/div>\n                                \n                <div class=\"eael-product-list-notice eael-product-list-notice-category\">\n                     \n                    <p>\n                        <i class=\"fas fa-box\"><\/i>\n                        Handmade soaps                    <\/p>\n                                    <\/div>\n            <\/div>\n            <div class=\"eael-product-list-content-body\">\n                \n                                <div class=\"eael-product-list-excerpt\">\n                    Cuida tu piel de manera natural y sostenible con nuestro Limpiador Facial S\u00f3lido para Todo Tipo de Piel. Disfruta de una limpieza profunda que respeta la integridad de tu piel...                <\/div>\n                \n                            <\/div>\n            <div class=\"eael-product-list-content-footer\">\n                \n                                <div class=\"eael-product-list-buttons\">\n                    \n                                        <p class=\"eael-product-list-quick-view-button eael-m-0\">\n                        <a id=\"eael_quick_view_69ee125a74e62\" data-quickview-setting=\"{&quot;widget_id&quot;:&quot;c6014b2&quot;,&quot;product_id&quot;:9660,&quot;page_id&quot;:10323}\" class=\"open-popup-link\">\n                            Ver producto                        <\/a>\n                    <\/p>\n                                    <\/div>\n                            <\/div>\n        <\/div>\n    <\/div>\n<\/div><div class=\"product post-9097 type-product status-publish has-post-thumbnail product_cat-jabones-artesanales product_cat-jabones-corporales product_cat-jabones-faciales pa_marca-purnatura  instock shipping-taxable purchasable product-type-simple\">\n    <div class=\"eael-product-list-item\">\n                                    \n        \n        <div class=\"eael-product-list-image-wrap\">\n            \n            \n                <img decoding=\"async\" width=\"300\" height=\"300\" src=\"https:\/\/purnatura.es\/wp-content\/uploads\/2024\/08\/jabon-artesanal-natural-con-leche-de-burra-300x300.jpg\" class=\"attachment-medium size-medium\" alt=\"Handmade Soap with Donkey Milk for All Skin Types | Natural Hydration and Care | Paraben and Sulfate Free \u2013 100g\" loading=\"eager\" title=\"\">            \n            \n                        <ul class=\"eael-product-list-buttons-on-hover\">\n                \n                                <li class=\"eael-product-list-quick-view-button eael-m-0\">\n                    <a id=\"eael_quick_view_69ee125a765ad\" data-quickview-setting=\"{&quot;widget_id&quot;:&quot;c6014b2&quot;,&quot;product_id&quot;:9097,&quot;page_id&quot;:10323}\" class=\"open-popup-link\"><i class=\"fas fa-eye\"><\/i><\/a>\n                <\/li>\n                \n                                <li class=\"eael-product-list-link-button eael-m-0\">\n                    <a href=\"https:\/\/purnatura.es\/eng\/handmade-soap-with-donkey-milk-for-all-skin-types\/\"><i class=\"fas fa-link\"><\/i><\/a>\n                <\/li>\n                            <\/ul>\n                    <\/div>\n\n        <div class=\"eael-product-list-content-wrap\">\n                        <p class=\"eael-product-list-title\">\n                                <a href=\"https:\/\/purnatura.es\/eng\/handmade-soap-with-donkey-milk-for-all-skin-types\/\" class=\"woocommerce-LoopProduct-link woocommerce-loop-product__link\" target=\"_blank\">\n                    Handmade Soap with Donkey Milk for All Skin Types | Natural Hydration and Care | Paraben and Sulfate Free \u2013 100g                <\/a>\n                            <\/p>\n        \n            <div class=\"eael-product-list-content-header\" >\n                                <div class=\"eael-product-list-rating\">\n                    <div class=\"eael-star-rating star-rating\"><span style=\"width:0%\" data-no-translation=\"\" data-trp-gettext=\"\">Rated <strong class=\"rating\">0<\/strong> out of 5<\/span><\/div>                    \n                                    <\/div>\n                                \n                <div class=\"eael-product-list-notice eael-product-list-notice-category\">\n                     \n                    <p>\n                        <i class=\"fas fa-box\"><\/i>\n                        Handmade soaps                    <\/p>\n                                    <\/div>\n            <\/div>\n            <div class=\"eael-product-list-content-body\">\n                \n                                <div class=\"eael-product-list-excerpt\">\n                    Descubre el lujo natural del Jab\u00f3n Artesanal con Leche de Burra para Todo Tipo de Piel. Disfruta de una limpieza suave y nutritiva que deja tu piel revitalizada, saludable y...                <\/div>\n                \n                            <\/div>\n            <div class=\"eael-product-list-content-footer\">\n                \n                                <div class=\"eael-product-list-buttons\">\n                    \n                                        <p class=\"eael-product-list-quick-view-button eael-m-0\">\n                        <a id=\"eael_quick_view_69ee125a76b64\" data-quickview-setting=\"{&quot;widget_id&quot;:&quot;c6014b2&quot;,&quot;product_id&quot;:9097,&quot;page_id&quot;:10323}\" class=\"open-popup-link\">\n                            Ver producto                        <\/a>\n                    <\/p>\n                                    <\/div>\n                            <\/div>\n        <\/div>\n    <\/div>\n<\/div><div class=\"product post-9093 type-product status-publish has-post-thumbnail product_cat-jabones-artesanales product_cat-jabones-corporales product_cat-jabones-faciales pa_marca-purnatura  instock shipping-taxable purchasable product-type-simple\">\n    <div class=\"eael-product-list-item\">\n                                    \n        \n        <div class=\"eael-product-list-image-wrap\">\n            \n            \n                <img decoding=\"async\" width=\"300\" height=\"300\" src=\"https:\/\/purnatura.es\/wp-content\/uploads\/2024\/08\/jabon-artesanal-natural-leche-de-cabra-300x300.jpg\" class=\"attachment-medium size-medium\" alt=\"Handmade Goat Milk Soap for Sensitive Skin | Natural Hydration and Softness | Paraben and Sulfate Free \u2013 100g\" loading=\"eager\" title=\"\">            \n            \n                        <ul class=\"eael-product-list-buttons-on-hover\">\n                \n                                <li class=\"eael-product-list-quick-view-button eael-m-0\">\n                    <a id=\"eael_quick_view_69ee125a781b4\" data-quickview-setting=\"{&quot;widget_id&quot;:&quot;c6014b2&quot;,&quot;product_id&quot;:9093,&quot;page_id&quot;:10323}\" class=\"open-popup-link\"><i class=\"fas fa-eye\"><\/i><\/a>\n                <\/li>\n                \n                                <li class=\"eael-product-list-link-button eael-m-0\">\n                    <a href=\"https:\/\/purnatura.es\/eng\/handmade-soap-with-goat-milk-for-sensitive-skin\/\"><i class=\"fas fa-link\"><\/i><\/a>\n                <\/li>\n                            <\/ul>\n                    <\/div>\n\n        <div class=\"eael-product-list-content-wrap\">\n                        <p class=\"eael-product-list-title\">\n                                <a href=\"https:\/\/purnatura.es\/eng\/handmade-soap-with-goat-milk-for-sensitive-skin\/\" class=\"woocommerce-LoopProduct-link woocommerce-loop-product__link\" target=\"_blank\">\n                    Handmade Goat Milk Soap for Sensitive Skin | Natural Hydration and Softness | Paraben and Sulfate Free \u2013 100g                <\/a>\n                            <\/p>\n        \n            <div class=\"eael-product-list-content-header\" >\n                                <div class=\"eael-product-list-rating\">\n                    <div class=\"eael-star-rating star-rating\"><span style=\"width:0%\" data-no-translation=\"\" data-trp-gettext=\"\">Rated <strong class=\"rating\">0<\/strong> out of 5<\/span><\/div>                    \n                                    <\/div>\n                                \n                <div class=\"eael-product-list-notice eael-product-list-notice-category\">\n                     \n                    <p>\n                        <i class=\"fas fa-box\"><\/i>\n                        Handmade soaps                    <\/p>\n                                    <\/div>\n            <\/div>\n            <div class=\"eael-product-list-content-body\">\n                \n                                <div class=\"eael-product-list-excerpt\">\n                    Eleva tu rutina de cuidado personal con nuestro Jab\u00f3n Artesanal con Leche de Cabra. Disfruta de una limpieza suave y natural que nutre y revitaliza tu piel, aportando hidrataci\u00f3n y...                <\/div>\n                \n                            <\/div>\n            <div class=\"eael-product-list-content-footer\">\n                \n                                <div class=\"eael-product-list-buttons\">\n                    \n                                        <p class=\"eael-product-list-quick-view-button eael-m-0\">\n                        <a id=\"eael_quick_view_69ee125a787dd\" data-quickview-setting=\"{&quot;widget_id&quot;:&quot;c6014b2&quot;,&quot;product_id&quot;:9093,&quot;page_id&quot;:10323}\" class=\"open-popup-link\">\n                            Ver producto                        <\/a>\n                    <\/p>\n                                    <\/div>\n                            <\/div>\n        <\/div>\n    <\/div>\n<\/div>                    <\/div>\n\n                    \n                <\/div>\n            <\/div>\n        <\/div>\n\n\t\t\t\t\t\t<\/div>\n\t\t\t\t<\/div>\n\t\t\t\t\t<\/div>\n\t\t\t\t<\/div>\n\t\t<div class=\"wd-negative-gap elementor-element elementor-element-6837dbb e-flex e-con-boxed e-con e-parent\" data-id=\"6837dbb\" data-element_type=\"container\" data-e-type=\"container\">\n\t\t\t\t\t<div class=\"e-con-inner\">\n\t\t\t\t<div class=\"elementor-element elementor-element-ff7f639 elementor-widget elementor-widget-heading\" data-id=\"ff7f639\" data-element_type=\"widget\" data-e-type=\"widget\" data-widget_type=\"heading.default\">\n\t\t\t\t<div class=\"elementor-widget-container\">\n\t\t\t\t\t<h3 class=\"elementor-heading-title elementor-size-default\">With this kit, you will enjoy gentle and natural cleansing for the whole family, while taking care of the planet. Switch to Purnatura solid soaps and contribute to reducing the use of plastics. Each soap has been carefully formulated to offer delicate and effective care, respecting even the most sensitive skin. Join a more sustainable lifestyle without giving up quality.<\/h3>\t\t\t\t<\/div>\n\t\t\t\t<\/div>\n\t\t<div class=\"elementor-element elementor-element-aef4381 e-con-full e-flex e-con e-child\" data-id=\"aef4381\" data-element_type=\"container\" data-e-type=\"container\">\n\t\t<div class=\"elementor-element elementor-element-006cc4a e-con-full e-flex e-con e-child\" data-id=\"006cc4a\" data-element_type=\"container\" data-e-type=\"container\">\n\t\t\t\t<div class=\"elementor-element elementor-element-3f09631 elementor-widget elementor-widget-heading\" data-id=\"3f09631\" data-element_type=\"widget\" data-e-type=\"widget\" data-widget_type=\"heading.default\">\n\t\t\t\t<div class=\"elementor-widget-container\">\n\t\t\t\t\t<h2 class=\"elementor-heading-title elementor-size-default\">7 Benefits of Solid Cosmetics<\/h2>\t\t\t\t<\/div>\n\t\t\t\t<\/div>\n\t\t\t\t<div class=\"elementor-element elementor-element-d1fa32e elementor-widget elementor-widget-wd_list\" data-id=\"d1fa32e\" data-element_type=\"widget\" data-e-type=\"widget\" data-widget_type=\"wd_list.default\">\n\t\t\t\t<div class=\"elementor-widget-container\">\n\t\t\t\t\t\t\t<ul class=\"wd-list color-scheme- wd-fontsize-xs wd-type-icon wd-style-default text-left\">\n\t\t\t\t\t\t\t\t\t\t\t<li class=\"elementor-repeater-item-a9c3c39\">\n\t\t\t\t\t\t\t\t\t\t\t<span class=\"wd-icon\"><svg class=\"e-font-icon-svg e-fas-star\" viewbox=\"0 0 576 512\" xmlns=\"http:\/\/www.w3.org\/2000\/svg\"><path d=\"M259.3 17.8L194 150.2 47.9 171.5c-26.2 3.8-36.7 36.1-17.7 54.6l105.7 103-25 145.5c-4.5 26.3 23.2 46 46.4 33.7L288 439.6l130.7 68.7c23.2 12.2 50.9-7.4 46.4-33.7l-25-145.5 105.7-103c19-18.5 8.5-50.8-17.7-54.6L382 150.2 316.7 17.8c-11.7-23.6-45.6-23.9-57.4 0z\"><\/path><\/svg><\/span>\t\t\t\t\t\n\t\t\t\t\t<span class=\"wd-list-content list-content\">\n\t\t\t\t\t\t\t\t\t\t\t\t\tIt is the beauty trend that is marking the moment.\t\t\t\t\t\t\t\t\t\t\t<\/span>\n\t\t\t\t<\/li>\n\t\t\t\t\t\t\t\t\t\t\t<li class=\"elementor-repeater-item-56c62c7\">\n\t\t\t\t\t\t\t\t\t\t\t<span class=\"wd-icon\"><svg class=\"e-font-icon-svg e-fas-star\" viewbox=\"0 0 576 512\" xmlns=\"http:\/\/www.w3.org\/2000\/svg\"><path d=\"M259.3 17.8L194 150.2 47.9 171.5c-26.2 3.8-36.7 36.1-17.7 54.6l105.7 103-25 145.5c-4.5 26.3 23.2 46 46.4 33.7L288 439.6l130.7 68.7c23.2 12.2 50.9-7.4 46.4-33.7l-25-145.5 105.7-103c19-18.5 8.5-50.8-17.7-54.6L382 150.2 316.7 17.8c-11.7-23.6-45.6-23.9-57.4 0z\"><\/path><\/svg><\/span>\t\t\t\t\t\n\t\t\t\t\t<span class=\"wd-list-content list-content\">\n\t\t\t\t\t\t\t\t\t\t\t\t\tLasts longer than traditional products.\t\t\t\t\t\t\t\t\t\t\t<\/span>\n\t\t\t\t<\/li>\n\t\t\t\t\t\t\t\t\t\t\t<li class=\"elementor-repeater-item-0320d05\">\n\t\t\t\t\t\t\t\t\t\t\t<span class=\"wd-icon\"><svg class=\"e-font-icon-svg e-fas-star\" viewbox=\"0 0 576 512\" xmlns=\"http:\/\/www.w3.org\/2000\/svg\"><path d=\"M259.3 17.8L194 150.2 47.9 171.5c-26.2 3.8-36.7 36.1-17.7 54.6l105.7 103-25 145.5c-4.5 26.3 23.2 46 46.4 33.7L288 439.6l130.7 68.7c23.2 12.2 50.9-7.4 46.4-33.7l-25-145.5 105.7-103c19-18.5 8.5-50.8-17.7-54.6L382 150.2 316.7 17.8c-11.7-23.6-45.6-23.9-57.4 0z\"><\/path><\/svg><\/span>\t\t\t\t\t\n\t\t\t\t\t<span class=\"wd-list-content list-content\">\n\t\t\t\t\t\t\t\t\t\t\t\t\tMore concentrated formulas, with less water.\t\t\t\t\t\t\t\t\t\t\t<\/span>\n\t\t\t\t<\/li>\n\t\t\t\t\t\t\t\t\t\t\t<li class=\"elementor-repeater-item-3798b56\">\n\t\t\t\t\t\t\t\t\t\t\t<span class=\"wd-icon\"><svg class=\"e-font-icon-svg e-fas-star\" viewbox=\"0 0 576 512\" xmlns=\"http:\/\/www.w3.org\/2000\/svg\"><path d=\"M259.3 17.8L194 150.2 47.9 171.5c-26.2 3.8-36.7 36.1-17.7 54.6l105.7 103-25 145.5c-4.5 26.3 23.2 46 46.4 33.7L288 439.6l130.7 68.7c23.2 12.2 50.9-7.4 46.4-33.7l-25-145.5 105.7-103c19-18.5 8.5-50.8-17.7-54.6L382 150.2 316.7 17.8c-11.7-23.6-45.6-23.9-57.4 0z\"><\/path><\/svg><\/span>\t\t\t\t\t\n\t\t\t\t\t<span class=\"wd-list-content list-content\">\n\t\t\t\t\t\t\t\t\t\t\t\t\tTake care of your skin with more respectful ingredients.\t\t\t\t\t\t\t\t\t\t\t<\/span>\n\t\t\t\t<\/li>\n\t\t\t\t\t\t\t\t\t\t\t<li class=\"elementor-repeater-item-3a6951e\">\n\t\t\t\t\t\t\t\t\t\t\t<span class=\"wd-icon\"><svg class=\"e-font-icon-svg e-fas-star\" viewbox=\"0 0 576 512\" xmlns=\"http:\/\/www.w3.org\/2000\/svg\"><path d=\"M259.3 17.8L194 150.2 47.9 171.5c-26.2 3.8-36.7 36.1-17.7 54.6l105.7 103-25 145.5c-4.5 26.3 23.2 46 46.4 33.7L288 439.6l130.7 68.7c23.2 12.2 50.9-7.4 46.4-33.7l-25-145.5 105.7-103c19-18.5 8.5-50.8-17.7-54.6L382 150.2 316.7 17.8c-11.7-23.6-45.6-23.9-57.4 0z\"><\/path><\/svg><\/span>\t\t\t\t\t\n\t\t\t\t\t<span class=\"wd-list-content list-content\">\n\t\t\t\t\t\t\t\t\t\t\t\t\tSay goodbye to the use of plastics.\t\t\t\t\t\t\t\t\t\t\t<\/span>\n\t\t\t\t<\/li>\n\t\t\t\t\t\t\t\t\t\t\t<li class=\"elementor-repeater-item-23ba404\">\n\t\t\t\t\t\t\t\t\t\t\t<span class=\"wd-icon\"><svg class=\"e-font-icon-svg e-fas-star\" viewbox=\"0 0 576 512\" xmlns=\"http:\/\/www.w3.org\/2000\/svg\"><path d=\"M259.3 17.8L194 150.2 47.9 171.5c-26.2 3.8-36.7 36.1-17.7 54.6l105.7 103-25 145.5c-4.5 26.3 23.2 46 46.4 33.7L288 439.6l130.7 68.7c23.2 12.2 50.9-7.4 46.4-33.7l-25-145.5 105.7-103c19-18.5 8.5-50.8-17.7-54.6L382 150.2 316.7 17.8c-11.7-23.6-45.6-23.9-57.4 0z\"><\/path><\/svg><\/span>\t\t\t\t\t\n\t\t\t\t\t<span class=\"wd-list-content list-content\">\n\t\t\t\t\t\t\t\t\t\t\t\t\tBiodegradable composition, environmentally friendly.\t\t\t\t\t\t\t\t\t\t\t<\/span>\n\t\t\t\t<\/li>\n\t\t\t\t\t\t\t\t\t\t\t<li class=\"elementor-repeater-item-ca0413a\">\n\t\t\t\t\t\t\t\t\t\t\t<span class=\"wd-icon\"><svg class=\"e-font-icon-svg e-fas-star\" viewbox=\"0 0 576 512\" xmlns=\"http:\/\/www.w3.org\/2000\/svg\"><path d=\"M259.3 17.8L194 150.2 47.9 171.5c-26.2 3.8-36.7 36.1-17.7 54.6l105.7 103-25 145.5c-4.5 26.3 23.2 46 46.4 33.7L288 439.6l130.7 68.7c23.2 12.2 50.9-7.4 46.4-33.7l-25-145.5 105.7-103c19-18.5 8.5-50.8-17.7-54.6L382 150.2 316.7 17.8c-11.7-23.6-45.6-23.9-57.4 0z\"><\/path><\/svg><\/span>\t\t\t\t\t\n\t\t\t\t\t<span class=\"wd-list-content list-content\">\n\t\t\t\t\t\t\t\t\t\t\t\t\tTake it on your travels without worrying about liquid restrictions.\t\t\t\t\t\t\t\t\t\t\t<\/span>\n\t\t\t\t<\/li>\n\t\t\t\t\t<\/ul>\n\n\t\t\t\t\t\t<\/div>\n\t\t\t\t<\/div>\n\t\t\t\t<\/div>\n\t\t<div class=\"elementor-element elementor-element-2b8e890 e-con-full e-flex e-con e-child\" data-id=\"2b8e890\" data-element_type=\"container\" data-e-type=\"container\">\n\t\t\t\t<div class=\"elementor-element elementor-element-63e339b elementor-widget elementor-widget-video\" data-id=\"63e339b\" data-element_type=\"widget\" data-e-type=\"widget\" data-settings=\"{&quot;youtube_url&quot;:&quot;https:\\\/\\\/youtu.be\\\/4OhLOZlXdMo&quot;,&quot;autoplay&quot;:&quot;yes&quot;,&quot;video_type&quot;:&quot;youtube&quot;,&quot;controls&quot;:&quot;yes&quot;}\" data-widget_type=\"video.default\">\n\t\t\t\t<div class=\"elementor-widget-container\">\n\t\t\t\t\t\t\t<div class=\"elementor-wrapper elementor-open-inline\">\n\t\t\t<div class=\"elementor-video\"><\/div>\t\t<\/div>\n\t\t\t\t\t\t<\/div>\n\t\t\t\t<\/div>\n\t\t\t\t<\/div>\n\t\t\t\t<\/div>\n\t\t\t\t\t<\/div>\n\t\t\t\t<\/div>\n\t\t<div class=\"wd-negative-gap elementor-element elementor-element-156c850 e-flex e-con-boxed e-con e-parent\" data-id=\"156c850\" data-element_type=\"container\" data-e-type=\"container\">\n\t\t\t\t\t<div class=\"e-con-inner\">\n\t\t\t\t<div class=\"elementor-element elementor-element-b0d0b17 elementor-widget elementor-widget-heading\" data-id=\"b0d0b17\" data-element_type=\"widget\" data-e-type=\"widget\" data-widget_type=\"heading.default\">\n\t\t\t\t<div class=\"elementor-widget-container\">\n\t\t\t\t\t<h2 class=\"elementor-heading-title elementor-size-default\">How to use<\/h2>\t\t\t\t<\/div>\n\t\t\t\t<\/div>\n\t\t\t\t<div class=\"elementor-element elementor-element-cf33276 color-scheme-inherit text-left elementor-widget elementor-widget-text-editor\" data-id=\"cf33276\" data-element_type=\"widget\" data-e-type=\"widget\" data-widget_type=\"text-editor.default\">\n\t\t\t\t<div class=\"elementor-widget-container\">\n\t\t\t\t\t\t\t\t\t<p>Wet your hair and the solid shampoo bar, rub between your hands until foaming or apply directly to the scalp. Massage gently and rinse with plenty of water. For best results, complement with coconut conditioner.<\/p><p>Restore strength and vitality to your hair with our nourishing ritual that strengthens, moisturizes and revitalizes your hair with every wash. Enjoy a natural solution that takes care of both your hair and the environment.<\/p>\t\t\t\t\t\t\t\t<\/div>\n\t\t\t\t<\/div>\n\t\t\t\t\t<\/div>\n\t\t\t\t<\/div>\n\t\t\t\t<\/div>","protected":false},"excerpt":{"rendered":"<p>With this kit, take care of the skin of the whole family in a natural and sustainable way. Purnatura solid soaps help reduce the use of plastics, offering a gentle cleansing that is respectful of the environment and sensitive skin.<\/p>","protected":false},"featured_media":11036,"comment_status":"open","ping_status":"closed","template":"","meta":[],"product_brand":[],"product_cat":[243,172,170,244],"product_tag":[],"class_list":{"0":"post-10323","1":"product","2":"type-product","3":"status-publish","4":"has-post-thumbnail","6":"product_cat-kits-sostenibles","7":"product_cat-jabones-corporales","8":"product_cat-jabones-faciales","9":"product_cat-kits-de-cuidado-corporal-natural","10":"pa_marca-purnatura","12":"last","13":"instock","14":"shipping-taxable","15":"purchasable","16":"product-type-simple"},"_links":{"self":[{"href":"https:\/\/purnatura.es\/eng\/wp-json\/wp\/v2\/product\/10323","targetHints":{"allow":["GET"]}}],"collection":[{"href":"https:\/\/purnatura.es\/eng\/wp-json\/wp\/v2\/product"}],"about":[{"href":"https:\/\/purnatura.es\/eng\/wp-json\/wp\/v2\/types\/product"}],"replies":[{"embeddable":true,"href":"https:\/\/purnatura.es\/eng\/wp-json\/wp\/v2\/comments?post=10323"}],"version-history":[{"count":0,"href":"https:\/\/purnatura.es\/eng\/wp-json\/wp\/v2\/product\/10323\/revisions"}],"wp:featuredmedia":[{"embeddable":true,"href":"https:\/\/purnatura.es\/eng\/wp-json\/wp\/v2\/media\/11036"}],"wp:attachment":[{"href":"https:\/\/purnatura.es\/eng\/wp-json\/wp\/v2\/media?parent=10323"}],"wp:term":[{"taxonomy":"product_brand","embeddable":true,"href":"https:\/\/purnatura.es\/eng\/wp-json\/wp\/v2\/product_brand?post=10323"},{"taxonomy":"product_cat","embeddable":true,"href":"https:\/\/purnatura.es\/eng\/wp-json\/wp\/v2\/product_cat?post=10323"},{"taxonomy":"product_tag","embeddable":true,"href":"https:\/\/purnatura.es\/eng\/wp-json\/wp\/v2\/product_tag?post=10323"}],"curies":[{"name":"wp","href":"https:\/\/api.w.org\/{rel}","templated":true}]}}